{"id":7695,"date":"2026-02-12T11:07:12","date_gmt":"2026-02-12T10:07:12","guid":{"rendered":"https:\/\/parafiawolczyn.kapucyni.pl\/?page_id=7695"},"modified":"2026-02-12T11:29:28","modified_gmt":"2026-02-12T10:29:28","slug":"remont-krzyza-2026","status":"publish","type":"page","link":"https:\/\/parafiawolczyn.kapucyni.pl\/?page_id=7695","title":{"rendered":"Galeria: Remont krzy\u017ca 2026"},"content":{"rendered":"\t\t<div data-elementor-type=\"wp-page\" data-elementor-id=\"7695\" class=\"elementor elementor-7695\">\n\t\t\t\t\t\t<section class=\"elementor-section elementor-top-section elementor-element elementor-element-1a73eb11 elementor-section-boxed elementor-section-height-default elementor-section-height-default wpr-particle-no wpr-jarallax-no wpr-parallax-no wpr-sticky-section-no wpr-equal-height-no\" data-id=\"1a73eb11\" data-element_type=\"section\" data-e-type=\"section\">\n\t\t\t\t\t\t<div class=\"elementor-container elementor-column-gap-default\">\n\t\t\t\t\t<div class=\"elementor-column elementor-col-100 elementor-top-column elementor-element elementor-element-71545906\" data-id=\"71545906\" data-element_type=\"column\" data-e-type=\"column\">\n\t\t\t<div class=\"elementor-widget-wrap elementor-element-populated\">\n\t\t\t\t\t\t<div class=\"elementor-element elementor-element-1613d594 elementor-widget elementor-widget-text-editor\" data-id=\"1613d594\" data-element_type=\"widget\" data-e-type=\"widget\" data-widget_type=\"text-editor.default\">\n\t\t\t\t<div class=\"elementor-widget-container\">\n\t\t\t\t\t\t\t\t\t<figure class=\"wp-block-image\"><\/figure>\n<!-- \/wp:image --><!-- wp:gallery {\"linkTo\":\"none\"} -->\n<figure class=\"wp-block-gallery has-nested-images columns-default is-cropped\"><\/figure>\n<!-- \/wp:gallery --><!-- wp:columns -->\n<div class=\"wp-block-columns\"><!-- wp:column {\"width\":\"100%\"} -->\n<div class=\"wp-block-column\" style=\"flex-basis: 100%;\"><!-- wp:gallery {\"linkTo\":\"none\"} -->\n<figure class=\"wp-block-gallery has-nested-images columns-default is-cropped\"><\/figure>\n<!-- \/wp:gallery --><\/div>\n<!-- \/wp:column --><\/div>\n<!-- \/wp:columns --><!-- wp:paragraph -->\n<p>\u00a0<\/p>\n<!-- \/wp:paragraph --><!-- wp:jetpack\/tiled-gallery \/--><!-- wp:image {\"id\":7680} -->\n<figure class=\"wp-block-image\"><\/figure>\n<!-- \/wp:image --><!-- wp:image {\"id\":7681} -->\n<figure class=\"wp-block-image\"><\/figure>\n<!-- \/wp:image --><!-- wp:image {\"id\":7681} -->\n<figure class=\"wp-block-image\"><\/figure>\n<!-- \/wp:image -->\t\t\t\t\t\t\t\t<\/div>\n\t\t\t\t<\/div>\n\t\t\t\t\t<\/div>\n\t\t<\/div>\n\t\t\t\t\t<\/div>\n\t\t<\/section>\n\t\t\t\t<section class=\"elementor-section elementor-top-section elementor-element elementor-element-4af5e6f elementor-section-boxed elementor-section-height-default elementor-section-height-default wpr-particle-no wpr-jarallax-no wpr-parallax-no wpr-sticky-section-no wpr-equal-height-no\" data-id=\"4af5e6f\" data-element_type=\"section\" data-e-type=\"section\">\n\t\t\t\t\t\t<div class=\"elementor-container elementor-column-gap-default\">\n\t\t\t\t\t<div class=\"elementor-column elementor-col-100 elementor-top-column elementor-element elementor-element-61d6c09\" data-id=\"61d6c09\" data-element_type=\"column\" data-e-type=\"column\">\n\t\t\t<div class=\"elementor-widget-wrap elementor-element-populated\">\n\t\t\t\t\t\t<div class=\"elementor-element elementor-element-ba361d7 elementor-widget elementor-widget-heading\" data-id=\"ba361d7\" data-element_type=\"widget\" data-e-type=\"widget\" data-widget_type=\"heading.default\">\n\t\t\t\t<div class=\"elementor-widget-container\">\n\t\t\t\t\t<h2 class=\"elementor-heading-title elementor-size-default\">Oryginalne zdj\u0119cie stanu kapsu\u0142y czasu oraz zdj\u0119cia uszkodzonego krzy\u017ca<\/h2>\t\t\t\t<\/div>\n\t\t\t\t<\/div>\n\t\t\t\t\t<\/div>\n\t\t<\/div>\n\t\t\t\t\t<\/div>\n\t\t<\/section>\n\t\t\t\t<section class=\"elementor-section elementor-top-section elementor-element elementor-element-83d3d79 elementor-section-boxed elementor-section-height-default elementor-section-height-default wpr-particle-no wpr-jarallax-no wpr-parallax-no wpr-sticky-section-no wpr-equal-height-no\" data-id=\"83d3d79\" data-element_type=\"section\" data-e-type=\"section\">\n\t\t\t\t\t\t<div class=\"elementor-container elementor-column-gap-default\">\n\t\t\t\t\t<div class=\"elementor-column elementor-col-100 elementor-top-column elementor-element elementor-element-15a99f7\" data-id=\"15a99f7\" data-element_type=\"column\" data-e-type=\"column\">\n\t\t\t<div class=\"elementor-widget-wrap elementor-element-populated\">\n\t\t\t\t\t\t<div class=\"elementor-element elementor-element-d00f81b elementor-widget elementor-widget-image-gallery\" data-id=\"d00f81b\" data-element_type=\"widget\" data-e-type=\"widget\" data-widget_type=\"image-gallery.default\">\n\t\t\t\t<div class=\"elementor-widget-container\">\n\t\t\t\t\t\t\t<div class=\"elementor-image-gallery\">\n\t\t\t<div id='gallery-1' class='gallery galleryid-7695 gallery-columns-4 gallery-size-thumbnail'><figure class='gallery-item'>\n\t\t\t<div class='gallery-icon landscape'>\n\t\t\t\t<a data-elementor-open-lightbox=\"yes\" data-elementor-lightbox-slideshow=\"d00f81b\" data-e-action-hash=\"#elementor-action%3Aaction%3Dlightbox%26settings%3DeyJpZCI6NzY4MSwidXJsIjoiaHR0cHM6XC9cL3BhcmFmaWF3b2xjenluLmthcHVjeW5pLnBsXC93cC1jb250ZW50XC91cGxvYWRzXC8yMDI2XC8wMlwvcG9kemlla293YW5pZTEuanBnIiwic2xpZGVzaG93IjoiZDAwZjgxYiJ9\" href='https:\/\/parafiawolczyn.kapucyni.pl\/wp-content\/uploads\/2026\/02\/podziekowanie1.jpg'><img decoding=\"async\" width=\"150\" height=\"150\" src=\"https:\/\/parafiawolczyn.kapucyni.pl\/wp-content\/uploads\/2026\/02\/podziekowanie1-150x150.jpg\" class=\"attachment-thumbnail size-thumbnail\" alt=\"\" \/><\/a>\n\t\t\t<\/div><\/figure><figure class='gallery-item'>\n\t\t\t<div class='gallery-icon landscape'>\n\t\t\t\t<a data-elementor-open-lightbox=\"yes\" data-elementor-lightbox-slideshow=\"d00f81b\" data-e-action-hash=\"#elementor-action%3Aaction%3Dlightbox%26settings%3DeyJpZCI6NzY4MCwidXJsIjoiaHR0cHM6XC9cL3BhcmFmaWF3b2xjenluLmthcHVjeW5pLnBsXC93cC1jb250ZW50XC91cGxvYWRzXC8yMDI2XC8wMlwvOV8uanBnIiwic2xpZGVzaG93IjoiZDAwZjgxYiJ9\" href='https:\/\/parafiawolczyn.kapucyni.pl\/wp-content\/uploads\/2026\/02\/9_.jpg'><img decoding=\"async\" width=\"150\" height=\"150\" src=\"https:\/\/parafiawolczyn.kapucyni.pl\/wp-content\/uploads\/2026\/02\/9_-150x150.jpg\" class=\"attachment-thumbnail size-thumbnail\" alt=\"\" \/><\/a>\n\t\t\t<\/div><\/figure><figure class='gallery-item'>\n\t\t\t<div class='gallery-icon portrait'>\n\t\t\t\t<a data-elementor-open-lightbox=\"yes\" data-elementor-lightbox-slideshow=\"d00f81b\" data-e-action-hash=\"#elementor-action%3Aaction%3Dlightbox%26settings%3DeyJpZCI6NzY3OSwidXJsIjoiaHR0cHM6XC9cL3BhcmFmaWF3b2xjenluLmthcHVjeW5pLnBsXC93cC1jb250ZW50XC91cGxvYWRzXC8yMDI2XC8wMlwvOF8uanBnIiwic2xpZGVzaG93IjoiZDAwZjgxYiJ9\" href='https:\/\/parafiawolczyn.kapucyni.pl\/wp-content\/uploads\/2026\/02\/8_.jpg'><img decoding=\"async\" width=\"150\" height=\"150\" src=\"https:\/\/parafiawolczyn.kapucyni.pl\/wp-content\/uploads\/2026\/02\/8_-150x150.jpg\" class=\"attachment-thumbnail size-thumbnail\" alt=\"\" \/><\/a>\n\t\t\t<\/div><\/figure><figure class='gallery-item'>\n\t\t\t<div class='gallery-icon portrait'>\n\t\t\t\t<a data-elementor-open-lightbox=\"yes\" data-elementor-lightbox-slideshow=\"d00f81b\" data-e-action-hash=\"#elementor-action%3Aaction%3Dlightbox%26settings%3DeyJpZCI6NzY3OCwidXJsIjoiaHR0cHM6XC9cL3BhcmFmaWF3b2xjenluLmthcHVjeW5pLnBsXC93cC1jb250ZW50XC91cGxvYWRzXC8yMDI2XC8wMlwvNmJfLmpwZyIsInNsaWRlc2hvdyI6ImQwMGY4MWIifQ%3D%3D\" href='https:\/\/parafiawolczyn.kapucyni.pl\/wp-content\/uploads\/2026\/02\/6b_.jpg'><img loading=\"lazy\" decoding=\"async\" width=\"150\" height=\"150\" src=\"https:\/\/parafiawolczyn.kapucyni.pl\/wp-content\/uploads\/2026\/02\/6b_-150x150.jpg\" class=\"attachment-thumbnail size-thumbnail\" alt=\"\" \/><\/a>\n\t\t\t<\/div><\/figure><figure class='gallery-item'>\n\t\t\t<div class='gallery-icon portrait'>\n\t\t\t\t<a data-elementor-open-lightbox=\"yes\" data-elementor-lightbox-slideshow=\"d00f81b\" data-e-action-hash=\"#elementor-action%3Aaction%3Dlightbox%26settings%3DeyJpZCI6NzY3NywidXJsIjoiaHR0cHM6XC9cL3BhcmFmaWF3b2xjenluLmthcHVjeW5pLnBsXC93cC1jb250ZW50XC91cGxvYWRzXC8yMDI2XC8wMlwvNl8uanBnIiwic2xpZGVzaG93IjoiZDAwZjgxYiJ9\" href='https:\/\/parafiawolczyn.kapucyni.pl\/wp-content\/uploads\/2026\/02\/6_.jpg'><img loading=\"lazy\" decoding=\"async\" width=\"150\" height=\"150\" src=\"https:\/\/parafiawolczyn.kapucyni.pl\/wp-content\/uploads\/2026\/02\/6_-150x150.jpg\" class=\"attachment-thumbnail size-thumbnail\" alt=\"\" \/><\/a>\n\t\t\t<\/div><\/figure><figure class='gallery-item'>\n\t\t\t<div class='gallery-icon landscape'>\n\t\t\t\t<a data-elementor-open-lightbox=\"yes\" data-elementor-lightbox-slideshow=\"d00f81b\" data-e-action-hash=\"#elementor-action%3Aaction%3Dlightbox%26settings%3DeyJpZCI6NzY3NiwidXJsIjoiaHR0cHM6XC9cL3BhcmFmaWF3b2xjenluLmthcHVjeW5pLnBsXC93cC1jb250ZW50XC91cGxvYWRzXC8yMDI2XC8wMlwvNV8uanBnIiwic2xpZGVzaG93IjoiZDAwZjgxYiJ9\" href='https:\/\/parafiawolczyn.kapucyni.pl\/wp-content\/uploads\/2026\/02\/5_.jpg'><img loading=\"lazy\" decoding=\"async\" width=\"150\" height=\"150\" src=\"https:\/\/parafiawolczyn.kapucyni.pl\/wp-content\/uploads\/2026\/02\/5_-150x150.jpg\" class=\"attachment-thumbnail size-thumbnail\" alt=\"\" \/><\/a>\n\t\t\t<\/div><\/figure><figure class='gallery-item'>\n\t\t\t<div class='gallery-icon portrait'>\n\t\t\t\t<a data-elementor-open-lightbox=\"yes\" data-elementor-lightbox-slideshow=\"d00f81b\" data-e-action-hash=\"#elementor-action%3Aaction%3Dlightbox%26settings%3DeyJpZCI6NzY3NSwidXJsIjoiaHR0cHM6XC9cL3BhcmFmaWF3b2xjenluLmthcHVjeW5pLnBsXC93cC1jb250ZW50XC91cGxvYWRzXC8yMDI2XC8wMlwvNF8uanBnIiwic2xpZGVzaG93IjoiZDAwZjgxYiJ9\" href='https:\/\/parafiawolczyn.kapucyni.pl\/wp-content\/uploads\/2026\/02\/4_.jpg'><img loading=\"lazy\" decoding=\"async\" width=\"150\" height=\"150\" src=\"https:\/\/parafiawolczyn.kapucyni.pl\/wp-content\/uploads\/2026\/02\/4_-150x150.jpg\" class=\"attachment-thumbnail size-thumbnail\" alt=\"\" \/><\/a>\n\t\t\t<\/div><\/figure><figure class='gallery-item'>\n\t\t\t<div class='gallery-icon portrait'>\n\t\t\t\t<a data-elementor-open-lightbox=\"yes\" data-elementor-lightbox-slideshow=\"d00f81b\" data-e-action-hash=\"#elementor-action%3Aaction%3Dlightbox%26settings%3DeyJpZCI6NzY3NCwidXJsIjoiaHR0cHM6XC9cL3BhcmFmaWF3b2xjenluLmthcHVjeW5pLnBsXC93cC1jb250ZW50XC91cGxvYWRzXC8yMDI2XC8wMlwvM18uanBnIiwic2xpZGVzaG93IjoiZDAwZjgxYiJ9\" href='https:\/\/parafiawolczyn.kapucyni.pl\/wp-content\/uploads\/2026\/02\/3_.jpg'><img loading=\"lazy\" decoding=\"async\" width=\"150\" height=\"150\" src=\"https:\/\/parafiawolczyn.kapucyni.pl\/wp-content\/uploads\/2026\/02\/3_-150x150.jpg\" class=\"attachment-thumbnail size-thumbnail\" alt=\"\" \/><\/a>\n\t\t\t<\/div><\/figure><figure class='gallery-item'>\n\t\t\t<div class='gallery-icon portrait'>\n\t\t\t\t<a data-elementor-open-lightbox=\"yes\" data-elementor-lightbox-slideshow=\"d00f81b\" data-e-action-hash=\"#elementor-action%3Aaction%3Dlightbox%26settings%3DeyJpZCI6NzY3MywidXJsIjoiaHR0cHM6XC9cL3BhcmFmaWF3b2xjenluLmthcHVjeW5pLnBsXC93cC1jb250ZW50XC91cGxvYWRzXC8yMDI2XC8wMlwvMl9rb3JvemphLmpwZyIsInNsaWRlc2hvdyI6ImQwMGY4MWIifQ%3D%3D\" href='https:\/\/parafiawolczyn.kapucyni.pl\/wp-content\/uploads\/2026\/02\/2_korozja.jpg'><img loading=\"lazy\" decoding=\"async\" width=\"150\" height=\"150\" src=\"https:\/\/parafiawolczyn.kapucyni.pl\/wp-content\/uploads\/2026\/02\/2_korozja-150x150.jpg\" class=\"attachment-thumbnail size-thumbnail\" alt=\"\" \/><\/a>\n\t\t\t<\/div><\/figure><figure class='gallery-item'>\n\t\t\t<div class='gallery-icon portrait'>\n\t\t\t\t<a data-elementor-open-lightbox=\"yes\" data-elementor-lightbox-slideshow=\"d00f81b\" data-e-action-hash=\"#elementor-action%3Aaction%3Dlightbox%26settings%3DeyJpZCI6NzY3MiwidXJsIjoiaHR0cHM6XC9cL3BhcmFmaWF3b2xjenluLmthcHVjeW5pLnBsXC93cC1jb250ZW50XC91cGxvYWRzXC8yMDI2XC8wMlwvMV90YWstYnlsby5qcGciLCJzbGlkZXNob3ciOiJkMDBmODFiIn0%3D\" href='https:\/\/parafiawolczyn.kapucyni.pl\/wp-content\/uploads\/2026\/02\/1_tak-bylo.jpg'><img loading=\"lazy\" decoding=\"async\" width=\"150\" height=\"150\" src=\"https:\/\/parafiawolczyn.kapucyni.pl\/wp-content\/uploads\/2026\/02\/1_tak-bylo-150x150.jpg\" class=\"attachment-thumbnail size-thumbnail\" alt=\"\" \/><\/a>\n\t\t\t<\/div><\/figure>\n\t\t<\/div>\n\t\t<\/div>\n\t\t\t\t\t\t<\/div>\n\t\t\t\t<\/div>\n\t\t\t\t\t<\/div>\n\t\t<\/div>\n\t\t\t\t\t<\/div>\n\t\t<\/section>\n\t\t\t\t<\/div>\n\t\t","protected":false},"excerpt":{"rendered":"<p>\u00a0 Oryginalne zdj\u0119cie stanu kapsu\u0142y czasu oraz zdj\u0119cia uszkodzonego krzy\u017ca<\/p>\n","protected":false},"author":2,"featured_media":0,"parent":0,"menu_order":0,"comment_status":"closed","ping_status":"closed","template":"elementor_canvas","meta":{"footnotes":""},"class_list":["post-7695","page","type-page","status-publish","hentry"],"jetpack_sharing_enabled":true,"_links":{"self":[{"href":"https:\/\/parafiawolczyn.kapucyni.pl\/index.php?rest_route=\/wp\/v2\/pages\/7695","targetHints":{"allow":["GET"]}}],"collection":[{"href":"https:\/\/parafiawolczyn.kapucyni.pl\/index.php?rest_route=\/wp\/v2\/pages"}],"about":[{"href":"https:\/\/parafiawolczyn.kapucyni.pl\/index.php?rest_route=\/wp\/v2\/types\/page"}],"author":[{"embeddable":true,"href":"https:\/\/parafiawolczyn.kapucyni.pl\/index.php?rest_route=\/wp\/v2\/users\/2"}],"replies":[{"embeddable":true,"href":"https:\/\/parafiawolczyn.kapucyni.pl\/index.php?rest_route=%2Fwp%2Fv2%2Fcomments&post=7695"}],"version-history":[{"count":14,"href":"https:\/\/parafiawolczyn.kapucyni.pl\/index.php?rest_route=\/wp\/v2\/pages\/7695\/revisions"}],"predecessor-version":[{"id":7714,"href":"https:\/\/parafiawolczyn.kapucyni.pl\/index.php?rest_route=\/wp\/v2\/pages\/7695\/revisions\/7714"}],"wp:attachment":[{"href":"https:\/\/parafiawolczyn.kapucyni.pl\/index.php?rest_route=%2Fwp%2Fv2%2Fmedia&parent=7695"}],"curies":[{"name":"wp","href":"https:\/\/api.w.org\/{rel}","templated":true}]}}