{"id":4028,"date":"2023-12-21T19:39:47","date_gmt":"2023-12-21T18:39:47","guid":{"rendered":"https:\/\/parafiawolczyn.kapucyni.pl\/?page_id=4028"},"modified":"2024-01-17T10:29:16","modified_gmt":"2024-01-17T09:29:16","slug":"wspolnota-gora-blogoslawienstw","status":"publish","type":"page","link":"https:\/\/parafiawolczyn.kapucyni.pl\/?page_id=4028","title":{"rendered":"Wsp\u00f3lnota &#8222;G\u00f3ra B\u0142ogos\u0142awie\u0144stw&#8221;"},"content":{"rendered":"\t\t<div data-elementor-type=\"wp-page\" data-elementor-id=\"4028\" class=\"elementor elementor-4028\">\n\t\t\t\t\t\t<section class=\"elementor-section elementor-top-section elementor-element elementor-element-157ade1 elementor-section-boxed elementor-section-height-default elementor-section-height-default wpr-particle-no wpr-jarallax-no wpr-parallax-no wpr-sticky-section-no wpr-equal-height-no\" data-id=\"157ade1\" data-element_type=\"section\" data-e-type=\"section\">\n\t\t\t\t\t\t<div class=\"elementor-container elementor-column-gap-default\">\n\t\t\t\t\t<div class=\"elementor-column elementor-col-100 elementor-top-column elementor-element elementor-element-cae651f\" data-id=\"cae651f\" data-element_type=\"column\" data-e-type=\"column\">\n\t\t\t<div class=\"elementor-widget-wrap elementor-element-populated\">\n\t\t\t\t\t\t<div class=\"elementor-element elementor-element-acddc49 elementor-widget elementor-widget-text-editor\" data-id=\"acddc49\" data-element_type=\"widget\" data-e-type=\"widget\" data-widget_type=\"text-editor.default\">\n\t\t\t\t<div class=\"elementor-widget-container\">\n\t\t\t\t\t\t\t\t\t<p><strong>Katolicka\u00a0wsp\u00f3lnota biblijno-ewangelizacyjna.<\/strong><\/p><p>To miejsce gdzie przede wszystkim wybrzmiewa S\u0142owo Bo\u017ce, gdzie s\u0142ucha si\u0119 tego S\u0142owa. Ono kszta\u0142tuje nasze \u017cycie i relacje mi\u0119dzy nami. Jest to miejsce spotkania z Bogiem, poznania Go.<\/p><p><strong>Spotkania otwarte:<\/strong><\/p><p>Dla ka\u017cdego w\u00a0<strong>poniedzia\u0142ki<\/strong>\u00a0o godz.\u00a0<strong>19:00<\/strong>\u00a0w\u00a0Ko\u015bciele \u015bw. Teresy<\/p><p>W pi\u0105tki spotkania w ma\u0142ych grupach<\/p><p><strong>Opiekun:<\/strong> br. Marek Skwar\u0142o<\/p>\t\t\t\t\t\t\t\t<\/div>\n\t\t\t\t<\/div>\n\t\t\t\t\t<\/div>\n\t\t<\/div>\n\t\t\t\t\t<\/div>\n\t\t<\/section>\n\t\t\t\t<\/div>\n\t\t","protected":false},"excerpt":{"rendered":"<p>Katolicka\u00a0wsp\u00f3lnota biblijno-ewangelizacyjna. To miejsce gdzie przede wszystkim wybrzmiewa S\u0142owo Bo\u017ce, gdzie s\u0142ucha si\u0119 tego S\u0142owa. Ono kszta\u0142tuje nasze \u017cycie i relacje mi\u0119dzy nami. Jest to miejsce spotkania z Bogiem, poznania Go. Spotkania otwarte: Dla ka\u017cdego w\u00a0poniedzia\u0142ki\u00a0o godz.\u00a019:00\u00a0w\u00a0Ko\u015bciele \u015bw. Teresy W pi\u0105tki spotkania w ma\u0142ych grupach Opiekun: br. Marek Skwar\u0142o<\/p>\n","protected":false},"author":2,"featured_media":0,"parent":0,"menu_order":0,"comment_status":"closed","ping_status":"closed","template":"elementor_canvas","meta":{"footnotes":""},"class_list":["post-4028","page","type-page","status-publish","hentry"],"jetpack_sharing_enabled":true,"_links":{"self":[{"href":"https:\/\/parafiawolczyn.kapucyni.pl\/index.php?rest_route=\/wp\/v2\/pages\/4028","targetHints":{"allow":["GET"]}}],"collection":[{"href":"https:\/\/parafiawolczyn.kapucyni.pl\/index.php?rest_route=\/wp\/v2\/pages"}],"about":[{"href":"https:\/\/parafiawolczyn.kapucyni.pl\/index.php?rest_route=\/wp\/v2\/types\/page"}],"author":[{"embeddable":true,"href":"https:\/\/parafiawolczyn.kapucyni.pl\/index.php?rest_route=\/wp\/v2\/users\/2"}],"replies":[{"embeddable":true,"href":"https:\/\/parafiawolczyn.kapucyni.pl\/index.php?rest_route=%2Fwp%2Fv2%2Fcomments&post=4028"}],"version-history":[{"count":5,"href":"https:\/\/parafiawolczyn.kapucyni.pl\/index.php?rest_route=\/wp\/v2\/pages\/4028\/revisions"}],"predecessor-version":[{"id":4033,"href":"https:\/\/parafiawolczyn.kapucyni.pl\/index.php?rest_route=\/wp\/v2\/pages\/4028\/revisions\/4033"}],"wp:attachment":[{"href":"https:\/\/parafiawolczyn.kapucyni.pl\/index.php?rest_route=%2Fwp%2Fv2%2Fmedia&parent=4028"}],"curies":[{"name":"wp","href":"https:\/\/api.w.org\/{rel}","templated":true}]}}