{"id":4011,"date":"2023-12-21T19:30:48","date_gmt":"2023-12-21T18:30:48","guid":{"rendered":"https:\/\/parafiawolczyn.kapucyni.pl\/?page_id=4011"},"modified":"2024-01-17T10:28:26","modified_gmt":"2024-01-17T09:28:26","slug":"domowy-kosciol","status":"publish","type":"page","link":"https:\/\/parafiawolczyn.kapucyni.pl\/?page_id=4011","title":{"rendered":"Domowy Ko\u015bci\u00f3\u0142"},"content":{"rendered":"\t\t<div data-elementor-type=\"wp-page\" data-elementor-id=\"4011\" class=\"elementor elementor-4011\">\n\t\t\t\t\t\t<section class=\"elementor-section elementor-top-section elementor-element elementor-element-54136ce elementor-section-boxed elementor-section-height-default elementor-section-height-default wpr-particle-no wpr-jarallax-no wpr-parallax-no wpr-sticky-section-no wpr-equal-height-no\" data-id=\"54136ce\" data-element_type=\"section\" data-e-type=\"section\">\n\t\t\t\t\t\t<div class=\"elementor-container elementor-column-gap-default\">\n\t\t\t\t\t<div class=\"elementor-column elementor-col-100 elementor-top-column elementor-element elementor-element-7ba5f31\" data-id=\"7ba5f31\" data-element_type=\"column\" data-e-type=\"column\">\n\t\t\t<div class=\"elementor-widget-wrap elementor-element-populated\">\n\t\t\t\t\t\t<div class=\"elementor-element elementor-element-0bad83b elementor-widget elementor-widget-text-editor\" data-id=\"0bad83b\" data-element_type=\"widget\" data-e-type=\"widget\" data-widget_type=\"text-editor.default\">\n\t\t\t\t<div class=\"elementor-widget-container\">\n\t\t\t\t\t\t\t\t\t<p>Domowy Ko\u015bci\u00f3\u0142 to nazwa ga\u0142\u0119zi rodzinnej Ruchu \u015awiat\u0142o-\u017bycie. Powsta\u0142 on z po\u0142\u0105czenia charyzmat\u00f3w Ruchu \u015awiat\u0142o-\u017bycie i pochodz\u0105cego z Francji ruchu ma\u0142\u017ce\u0144skiego Equipes Notre-Dame.<\/p><p>Chcemy \u017cy\u0107 \u0142askami sakramentu ma\u0142\u017ce\u0144stwa i celebrowa\u0107 go w naszej codzienno\u015bci. Spotykamy si\u0119 mniej wi\u0119cej raz w miesi\u0105cu z kap\u0142anem\u00a0\u2013 moderatorem w mniejszych grupach kilku ma\u0142\u017ce\u0144stw (tzw. kr\u0119gach).<\/p><p><strong>Spotkania:<\/strong> Spotkania kr\u0119g\u00f3w odbywaj\u0105 si\u0119 w domach.<\/p><p><strong>Opiekunowie: <\/strong>br. Andrzej Bochy\u0144ski, br. Artur Kubicz, br. Marek Potoczny, br. Marek Skwar\u0142o.<\/p>\t\t\t\t\t\t\t\t<\/div>\n\t\t\t\t<\/div>\n\t\t\t\t\t<\/div>\n\t\t<\/div>\n\t\t\t\t\t<\/div>\n\t\t<\/section>\n\t\t\t\t<\/div>\n\t\t","protected":false},"excerpt":{"rendered":"<p>Domowy Ko\u015bci\u00f3\u0142 to nazwa ga\u0142\u0119zi rodzinnej Ruchu \u015awiat\u0142o-\u017bycie. Powsta\u0142 on z po\u0142\u0105czenia charyzmat\u00f3w Ruchu \u015awiat\u0142o-\u017bycie i pochodz\u0105cego z Francji ruchu ma\u0142\u017ce\u0144skiego Equipes Notre-Dame. Chcemy \u017cy\u0107 \u0142askami sakramentu ma\u0142\u017ce\u0144stwa i celebrowa\u0107 go w naszej codzienno\u015bci. Spotykamy si\u0119 mniej wi\u0119cej raz w miesi\u0105cu z kap\u0142anem\u00a0\u2013 moderatorem w mniejszych grupach kilku ma\u0142\u017ce\u0144stw (tzw. kr\u0119gach). Spotkania: Spotkania kr\u0119g\u00f3w odbywaj\u0105 si\u0119 w domach. Opiekunowie: br. Andrzej Bochy\u0144ski, br. Artur Kubicz, br. Marek Potoczny, br. Marek Skwar\u0142o.<\/p>\n","protected":false},"author":2,"featured_media":0,"parent":0,"menu_order":0,"comment_status":"closed","ping_status":"closed","template":"elementor_canvas","meta":{"footnotes":""},"class_list":["post-4011","page","type-page","status-publish","hentry"],"jetpack_sharing_enabled":true,"_links":{"self":[{"href":"https:\/\/parafiawolczyn.kapucyni.pl\/index.php?rest_route=\/wp\/v2\/pages\/4011","targetHints":{"allow":["GET"]}}],"collection":[{"href":"https:\/\/parafiawolczyn.kapucyni.pl\/index.php?rest_route=\/wp\/v2\/pages"}],"about":[{"href":"https:\/\/parafiawolczyn.kapucyni.pl\/index.php?rest_route=\/wp\/v2\/types\/page"}],"author":[{"embeddable":true,"href":"https:\/\/parafiawolczyn.kapucyni.pl\/index.php?rest_route=\/wp\/v2\/users\/2"}],"replies":[{"embeddable":true,"href":"https:\/\/parafiawolczyn.kapucyni.pl\/index.php?rest_route=%2Fwp%2Fv2%2Fcomments&post=4011"}],"version-history":[{"count":7,"href":"https:\/\/parafiawolczyn.kapucyni.pl\/index.php?rest_route=\/wp\/v2\/pages\/4011\/revisions"}],"predecessor-version":[{"id":4018,"href":"https:\/\/parafiawolczyn.kapucyni.pl\/index.php?rest_route=\/wp\/v2\/pages\/4011\/revisions\/4018"}],"wp:attachment":[{"href":"https:\/\/parafiawolczyn.kapucyni.pl\/index.php?rest_route=%2Fwp%2Fv2%2Fmedia&parent=4011"}],"curies":[{"name":"wp","href":"https:\/\/api.w.org\/{rel}","templated":true}]}}