{"id":3986,"date":"2023-12-21T19:17:57","date_gmt":"2023-12-21T18:17:57","guid":{"rendered":"https:\/\/parafiawolczyn.kapucyni.pl\/?page_id=3986"},"modified":"2024-01-17T10:27:07","modified_gmt":"2024-01-17T09:27:07","slug":"grupa-modlitwo-ojca-pio","status":"publish","type":"page","link":"https:\/\/parafiawolczyn.kapucyni.pl\/?page_id=3986","title":{"rendered":"Grupa modlitwy Ojca Pio"},"content":{"rendered":"\t\t<div data-elementor-type=\"wp-page\" data-elementor-id=\"3986\" class=\"elementor elementor-3986\">\n\t\t\t\t\t\t<section class=\"elementor-section elementor-top-section elementor-element elementor-element-609cc60 elementor-section-boxed elementor-section-height-default elementor-section-height-default wpr-particle-no wpr-jarallax-no wpr-parallax-no wpr-sticky-section-no wpr-equal-height-no\" data-id=\"609cc60\" data-element_type=\"section\" data-e-type=\"section\">\n\t\t\t\t\t\t<div class=\"elementor-container elementor-column-gap-default\">\n\t\t\t\t\t<div class=\"elementor-column elementor-col-100 elementor-top-column elementor-element elementor-element-c254cb7\" data-id=\"c254cb7\" data-element_type=\"column\" data-e-type=\"column\">\n\t\t\t<div class=\"elementor-widget-wrap elementor-element-populated\">\n\t\t\t\t\t\t<div class=\"elementor-element elementor-element-3e79c86 elementor-widget elementor-widget-text-editor\" data-id=\"3e79c86\" data-element_type=\"widget\" data-e-type=\"widget\" data-widget_type=\"text-editor.default\">\n\t\t\t\t<div class=\"elementor-widget-container\">\n\t\t\t\t\t\t\t\t\t<p><strong>Posta\u0107 Zakonnika z San Giovanni Rotondo fascynuje i poci\u0105ga miliony ludzi na ca\u0142ym \u015bwiecie. Liczne grono jego duchowych syn\u00f3w i c\u00f3rek tworzy dzi\u015b Grupy Modlitwy Ojca Pio.<\/strong><\/p><p>W Polsce dzia\u0142a ponad trzysta takich grup.\u2028<\/p><p><strong>Grupa Modlitwy Ojca Pio spotyka si\u0119 dwa razy w miesi\u0105cu:<\/strong><\/p><p>&#8211; 23 dnia miesi\u0105ca (gdy wypada w niedziel\u0119, spotkanie jest przenoszone na inny dzie\u0144) \u2013 na nabo\u017ce\u0144stwie przez wstawiennictwo Ojca Pio i na mszy \u015bwi\u0119tej o godz. 18.00. Cz\u0142onkowie Grupy w\u0142\u0105czaj\u0105 si\u0119 w przygotowanie liturgii i modl\u0105 si\u0119 w intencjach sk\u0142adanych przez wiernych. Po mszy \u015bwi\u0119tej odbywa si\u0119 spotkanie formacyjne w Domu Spotkania.<\/p><p>&#8211; w drugi wtorek miesi\u0105ca &#8211; rozwa\u017canie Ewangelii<\/p><p><strong>Asystent: duchowy:<\/strong> br. Karol Jopek<\/p><p>Wi\u0119cej o Grupach Modlitwy Ojca Pio:\u00a0<a href=\"http:\/\/www.gmop.pl\/\" target=\"_blank\" rel=\"alternate noopener noreferrer\">www.gmop.pl<\/a><\/p>\t\t\t\t\t\t\t\t<\/div>\n\t\t\t\t<\/div>\n\t\t\t\t\t<\/div>\n\t\t<\/div>\n\t\t\t\t\t<\/div>\n\t\t<\/section>\n\t\t\t\t<\/div>\n\t\t","protected":false},"excerpt":{"rendered":"<p>Posta\u0107 Zakonnika z San Giovanni Rotondo fascynuje i poci\u0105ga miliony ludzi na ca\u0142ym \u015bwiecie. Liczne grono jego duchowych syn\u00f3w i c\u00f3rek tworzy dzi\u015b Grupy Modlitwy Ojca Pio. W Polsce dzia\u0142a ponad trzysta takich grup.\u2028 Grupa Modlitwy Ojca Pio spotyka si\u0119 dwa razy w miesi\u0105cu: &#8211; 23 dnia miesi\u0105ca (gdy wypada w niedziel\u0119, spotkanie jest przenoszone na inny dzie\u0144) \u2013 na nabo\u017ce\u0144stwie przez wstawiennictwo Ojca Pio i na mszy \u015bwi\u0119tej o godz. 18.00. Cz\u0142onkowie Grupy w\u0142\u0105czaj\u0105 si\u0119 w przygotowanie liturgii i modl\u0105 si\u0119 w intencjach sk\u0142adanych przez wiernych. Po mszy \u015bwi\u0119tej odbywa si\u0119 spotkanie formacyjne w Domu Spotkania. &#8211; w drugi wtorek miesi\u0105ca &#8211; rozwa\u017canie Ewangelii Asystent: duchowy: br. Karol Jopek Wi\u0119cej o Grupach Modlitwy Ojca Pio:\u00a0www.gmop.pl<\/p>\n","protected":false},"author":2,"featured_media":0,"parent":0,"menu_order":0,"comment_status":"closed","ping_status":"closed","template":"elementor_canvas","meta":{"footnotes":""},"class_list":["post-3986","page","type-page","status-publish","hentry"],"jetpack_sharing_enabled":true,"_links":{"self":[{"href":"https:\/\/parafiawolczyn.kapucyni.pl\/index.php?rest_route=\/wp\/v2\/pages\/3986","targetHints":{"allow":["GET"]}}],"collection":[{"href":"https:\/\/parafiawolczyn.kapucyni.pl\/index.php?rest_route=\/wp\/v2\/pages"}],"about":[{"href":"https:\/\/parafiawolczyn.kapucyni.pl\/index.php?rest_route=\/wp\/v2\/types\/page"}],"author":[{"embeddable":true,"href":"https:\/\/parafiawolczyn.kapucyni.pl\/index.php?rest_route=\/wp\/v2\/users\/2"}],"replies":[{"embeddable":true,"href":"https:\/\/parafiawolczyn.kapucyni.pl\/index.php?rest_route=%2Fwp%2Fv2%2Fcomments&post=3986"}],"version-history":[{"count":6,"href":"https:\/\/parafiawolczyn.kapucyni.pl\/index.php?rest_route=\/wp\/v2\/pages\/3986\/revisions"}],"predecessor-version":[{"id":3992,"href":"https:\/\/parafiawolczyn.kapucyni.pl\/index.php?rest_route=\/wp\/v2\/pages\/3986\/revisions\/3992"}],"wp:attachment":[{"href":"https:\/\/parafiawolczyn.kapucyni.pl\/index.php?rest_route=%2Fwp%2Fv2%2Fmedia&parent=3986"}],"curies":[{"name":"wp","href":"https:\/\/api.w.org\/{rel}","templated":true}]}}