{"id":3333,"date":"2021-12-23T12:31:10","date_gmt":"2021-12-23T11:31:10","guid":{"rendered":"https:\/\/demosites.royal-elementor-addons.com\/nature-v1\/?page_id=177"},"modified":"2026-03-26T15:59:07","modified_gmt":"2026-03-26T14:59:07","slug":"contact-2","status":"publish","type":"page","link":"https:\/\/parafiawolczyn.kapucyni.pl\/?page_id=3333","title":{"rendered":"Contact"},"content":{"rendered":"\t\t<div data-elementor-type=\"wp-page\" data-elementor-id=\"3333\" class=\"elementor elementor-3333\">\n\t\t\t\t\t\t<section class=\"elementor-section elementor-top-section elementor-element elementor-element-bad3bea elementor-section-boxed elementor-section-height-default elementor-section-height-default wpr-particle-no wpr-jarallax-no wpr-parallax-no wpr-sticky-section-no wpr-equal-height-no\" data-id=\"bad3bea\" data-element_type=\"section\" data-e-type=\"section\">\n\t\t\t\t\t\t<div class=\"elementor-container elementor-column-gap-default\">\n\t\t\t\t\t<div class=\"elementor-column elementor-col-100 elementor-top-column elementor-element elementor-element-c136506\" data-id=\"c136506\" data-element_type=\"column\" data-e-type=\"column\">\n\t\t\t<div class=\"elementor-widget-wrap elementor-element-populated\">\n\t\t\t\t\t\t<div class=\"elementor-element elementor-element-1804702 elementor-widget elementor-widget-heading\" data-id=\"1804702\" data-element_type=\"widget\" data-e-type=\"widget\" data-widget_type=\"heading.default\">\n\t\t\t\t<div class=\"elementor-widget-container\">\n\t\t\t\t\t<h1 class=\"elementor-heading-title elementor-size-default\"><b>Nasz adres<\/b><\/h1>\t\t\t\t<\/div>\n\t\t\t\t<\/div>\n\t\t\t\t\t<\/div>\n\t\t<\/div>\n\t\t\t\t\t<\/div>\n\t\t<\/section>\n\t\t\t\t<section class=\"elementor-section elementor-top-section elementor-element elementor-element-2702249 elementor-section-boxed elementor-section-height-default elementor-section-height-default wpr-particle-no wpr-jarallax-no wpr-parallax-no wpr-sticky-section-no wpr-equal-height-no\" data-id=\"2702249\" data-element_type=\"section\" data-e-type=\"section\">\n\t\t\t\t\t\t<div class=\"elementor-container elementor-column-gap-default\">\n\t\t\t\t\t<div class=\"elementor-column elementor-col-100 elementor-top-column elementor-element elementor-element-b407d14\" data-id=\"b407d14\" data-element_type=\"column\" data-e-type=\"column\">\n\t\t\t<div class=\"elementor-widget-wrap elementor-element-populated\">\n\t\t\t\t\t\t<section class=\"elementor-section elementor-inner-section elementor-element elementor-element-cb817ff elementor-section-full_width elementor-section-height-default elementor-section-height-default wpr-particle-no wpr-jarallax-no wpr-parallax-no wpr-equal-height-no\" data-id=\"cb817ff\" data-element_type=\"section\" data-e-type=\"section\">\n\t\t\t\t\t\t<div class=\"elementor-container elementor-column-gap-default\">\n\t\t\t\t\t<div class=\"elementor-column elementor-col-50 elementor-inner-column elementor-element elementor-element-b6d16e3\" data-id=\"b6d16e3\" data-element_type=\"column\" data-e-type=\"column\">\n\t\t\t<div class=\"elementor-widget-wrap elementor-element-populated\">\n\t\t\t\t\t\t<div class=\"elementor-element elementor-element-379b8f9 elementor-widget elementor-widget-text-editor\" data-id=\"379b8f9\" data-element_type=\"widget\" data-e-type=\"widget\" data-widget_type=\"text-editor.default\">\n\t\t\t\t<div class=\"elementor-widget-container\">\n\t\t\t\t\t\t\t\t\t<hr \/><hr \/><h5 style=\"text-align: center;\"><span style=\"color: #ff0000;\"><strong>Parafia Niepokalanego Pocz\u0119cia\u00a0NMP &#8211; Bracia Kapucyni<\/strong><\/span><\/h5><h5><strong>ul. Ko\u015bcielna 2<br \/><\/strong><br \/><strong>46-250\u00a0Wo\u0142czyn<\/strong><\/h5><h5><strong>Od 1 wrze\u015bnia jest nowy numer telefoniczny<\/strong>:<\/h5><h5><strong>tel. <span style=\"color: #ff0000;\">501 036 316<\/span><\/strong><br \/>e-mail:\u00a0<a href=\"mailto:wolczynparafia@kapucyni.pl\" rel=\"alternate\">wolczynparafia@kapucyni.pl<\/a>\u00a0<br \/><a href=\"http:\/\/www.wolczynparafia.kapucyni.pl\/\" target=\"_blank\" rel=\"alternate noopener noreferrer\">www.wolczynparafia.kapucyni.pl<\/a>\u00a0<\/h5><h5><strong style=\"box-sizing: border-box; font-weight: bold;\">NIP<\/strong>\u00a0751 152 06 55<\/h5><hr \/><h5><strong>Organista\u00a0Pawe\u0142 Krzemi\u0144ski, tel. 721 897 511<\/strong><\/h5><hr \/><p style=\"box-sizing: border-box; margin: 0px 0px 10px; color: #555555; font-family: Lora; font-size: 15px; font-style: normal; font-variant-ligatures: normal; font-variant-caps: normal; font-weight: 400; letter-spacing: normal; text-align: center; text-indent: 0px; text-transform: none; word-spacing: 0px; -webkit-text-stroke-width: 0px; white-space: normal; background-color: #ffffff; text-decoration-thickness: initial; text-decoration-style: initial; text-decoration-color: initial;\">* * *<\/p>\t\t\t\t\t\t\t\t<\/div>\n\t\t\t\t<\/div>\n\t\t\t\t\t<\/div>\n\t\t<\/div>\n\t\t\t\t<div class=\"elementor-column elementor-col-50 elementor-inner-column elementor-element elementor-element-30eee9e\" data-id=\"30eee9e\" data-element_type=\"column\" data-e-type=\"column\">\n\t\t\t<div class=\"elementor-widget-wrap elementor-element-populated\">\n\t\t\t\t\t\t<div class=\"elementor-element elementor-element-d3f0c1a elementor-widget elementor-widget-text-editor\" data-id=\"d3f0c1a\" data-element_type=\"widget\" data-e-type=\"widget\" data-widget_type=\"text-editor.default\">\n\t\t\t\t<div class=\"elementor-widget-container\">\n\t\t\t\t\t\t\t\t\t<h4><strong><span style=\"color: #ff0000;\">Kancelaria parafialna<\/span><br><\/strong><\/h4>\n<ul>\n<li><strong>Poniedzia\u0142ek:&nbsp;<\/strong>16:00 &#8211; 17:00<\/li>\n<li><strong>Wtorek:<\/strong>&nbsp;16:00 &#8211; 17:00<\/li>\n<li><strong>Czwartek:<\/strong> 10:00 &#8211; 11:00<\/li>\n<li style=\"text-align: left;\"><strong>Sobota:<\/strong>&nbsp;8:30 &#8211; 9:30<br><p style=\"text-align: center;\">* * *<\/p>\n<\/li>\n<li style=\"text-align: left;\">W niedziele i \u015bwi\u0119ta kancelaria jest nieczynna. W pilnych sprawach nale\u017cy zg\u0142osi\u0107 si\u0119 o ka\u017cdej porze (np. wezwanie do chorego, pogrzeb).<\/li>\n<li>W wyj\u0105tkowych sytuacjach mog\u0105 nast\u0105pi\u0107 zmiany brata przyjmuj\u0105cego w kancelarii parafialnej.<\/li>\n<\/ul>\n<hr style=\"padding-left: 40px;\">\t\t\t\t\t\t\t\t<\/div>\n\t\t\t\t<\/div>\n\t\t\t\t\t<\/div>\n\t\t<\/div>\n\t\t\t\t\t<\/div>\n\t\t<\/section>\n\t\t\t\t<section class=\"elementor-section elementor-inner-section elementor-element elementor-element-fccd270 elementor-section-boxed elementor-section-height-default elementor-section-height-default wpr-particle-no wpr-jarallax-no wpr-parallax-no wpr-sticky-section-no wpr-equal-height-no\" data-id=\"fccd270\" data-element_type=\"section\" data-e-type=\"section\">\n\t\t\t\t\t\t<div class=\"elementor-container elementor-column-gap-default\">\n\t\t\t\t\t<div class=\"elementor-column elementor-col-50 elementor-inner-column elementor-element elementor-element-88959c8\" data-id=\"88959c8\" data-element_type=\"column\" data-e-type=\"column\">\n\t\t\t<div class=\"elementor-widget-wrap elementor-element-populated\">\n\t\t\t\t\t\t<div class=\"elementor-element elementor-element-ae619d5 elementor-widget elementor-widget-text-editor\" data-id=\"ae619d5\" data-element_type=\"widget\" data-e-type=\"widget\" data-widget_type=\"text-editor.default\">\n\t\t\t\t<div class=\"elementor-widget-container\">\n\t\t\t\t\t\t\t\t\t<h4><strong><span style=\"color: #ff0000;\">Konto Parafii\u00a0<\/span><\/strong><\/h4><p>Ko\u015bcielna 2, 46-250\u00a0Wo\u0142czyn<\/p><p>BS Wo\u0142czyn <strong>70 8876 0009 0018 6267 2000 0001<\/strong><\/p><p>Tytu\u0142 przelewu: &#8222;darowizna na cele kultu religijnego&#8221;.<\/p>\t\t\t\t\t\t\t\t<\/div>\n\t\t\t\t<\/div>\n\t\t\t\t\t<\/div>\n\t\t<\/div>\n\t\t\t\t<div class=\"elementor-column elementor-col-50 elementor-inner-column elementor-element elementor-element-08b2978\" data-id=\"08b2978\" data-element_type=\"column\" data-e-type=\"column\">\n\t\t\t<div class=\"elementor-widget-wrap elementor-element-populated\">\n\t\t\t\t\t\t<div class=\"elementor-element elementor-element-0ce1267 elementor-widget elementor-widget-text-editor\" data-id=\"0ce1267\" data-element_type=\"widget\" data-e-type=\"widget\" data-widget_type=\"text-editor.default\">\n\t\t\t\t<div class=\"elementor-widget-container\">\n\t\t\t\t\t\t\t\t\t<h4><span style=\"color: #ff0000;\"><strong>Konto remontowe<\/strong><\/span><\/h4><p>ul. Ko\u015bcielna 2, 46-250 Wo\u0142czyn<\/p><h6><strong>BNP Paribas\u00a0 <span class=\"title-text\">25 1600 1462 1738 4647 4000 0001<\/span><\/strong><\/h6><p>Tytu\u0142 przelewu: &#8222;darowizna na cele kultu religijnego&#8221;.<\/p>\t\t\t\t\t\t\t\t<\/div>\n\t\t\t\t<\/div>\n\t\t\t\t\t<\/div>\n\t\t<\/div>\n\t\t\t\t\t<\/div>\n\t\t<\/section>\n\t\t\t\t<div class=\"elementor-element elementor-element-d8acc8b elementor-widget elementor-widget-google_maps\" data-id=\"d8acc8b\" data-element_type=\"widget\" data-e-type=\"widget\" data-widget_type=\"google_maps.default\">\n\t\t\t\t<div class=\"elementor-widget-container\">\n\t\t\t\t\t\t\t<div class=\"elementor-custom-embed\">\n\t\t\t<iframe loading=\"lazy\"\n\t\t\t\t\tsrc=\"https:\/\/maps.google.com\/maps?q=Wo%C5%82czyn%2C%20ul.%20Ko%C5%9Bcielna%202%2C%20Polska&#038;t=m&#038;z=10&#038;output=embed&#038;iwloc=near\"\n\t\t\t\t\ttitle=\"Wo\u0142czyn, ul. Ko\u015bcielna 2, Polska\"\n\t\t\t\t\taria-label=\"Wo\u0142czyn, ul. Ko\u015bcielna 2, Polska\"\n\t\t\t><\/iframe>\n\t\t<\/div>\n\t\t\t\t\t\t<\/div>\n\t\t\t\t<\/div>\n\t\t\t\t\t<\/div>\n\t\t<\/div>\n\t\t\t\t\t<\/div>\n\t\t<\/section>\n\t\t\t\t<section class=\"elementor-section elementor-top-section elementor-element elementor-element-6a757ae elementor-section-boxed elementor-section-height-default elementor-section-height-default wpr-particle-no wpr-jarallax-no wpr-parallax-no wpr-sticky-section-no wpr-equal-height-no\" data-id=\"6a757ae\" data-element_type=\"section\" data-e-type=\"section\">\n\t\t\t\t\t\t<div class=\"elementor-container elementor-column-gap-default\">\n\t\t\t\t\t<div class=\"elementor-column elementor-col-100 elementor-top-column elementor-element elementor-element-a45eae4\" data-id=\"a45eae4\" data-element_type=\"column\" data-e-type=\"column\">\n\t\t\t<div class=\"elementor-widget-wrap\">\n\t\t\t\t\t\t\t<\/div>\n\t\t<\/div>\n\t\t\t\t\t<\/div>\n\t\t<\/section>\n\t\t\t\t<section class=\"elementor-section elementor-top-section elementor-element elementor-element-ed25586 elementor-section-boxed elementor-section-height-default elementor-section-height-default wpr-particle-no wpr-jarallax-no wpr-parallax-no wpr-sticky-section-no wpr-equal-height-no\" data-id=\"ed25586\" data-element_type=\"section\" data-e-type=\"section\">\n\t\t\t\t\t\t<div class=\"elementor-container elementor-column-gap-default\">\n\t\t\t\t\t<div class=\"elementor-column elementor-col-100 elementor-top-column elementor-element elementor-element-d652999\" data-id=\"d652999\" data-element_type=\"column\" data-e-type=\"column\">\n\t\t\t<div class=\"elementor-widget-wrap elementor-element-populated\">\n\t\t\t\t\t\t<div class=\"elementor-element elementor-element-2aa6a79 elementor-icon-list--layout-inline elementor-list-item-link-full_width elementor-widget elementor-widget-icon-list\" data-id=\"2aa6a79\" data-element_type=\"widget\" data-e-type=\"widget\" data-widget_type=\"icon-list.default\">\n\t\t\t\t<div class=\"elementor-widget-container\">\n\t\t\t\t\t\t\t<ul class=\"elementor-icon-list-items elementor-inline-items\">\n\t\t\t\t\t\t\t<li class=\"elementor-icon-list-item elementor-inline-item\">\n\t\t\t\t\t\t\t\t\t\t\t<a href=\"https:\/\/parafiawolczyn.kapucyni.pl\/?page_id=3955\">\n\n\t\t\t\t\t\t\t\t\t\t\t\t<span class=\"elementor-icon-list-icon\">\n\t\t\t\t\t\t\t<i aria-hidden=\"true\" class=\"fas fa-check\"><\/i>\t\t\t\t\t\t<\/span>\n\t\t\t\t\t\t\t\t\t\t<span class=\"elementor-icon-list-text\">Grupy i wspolnoty<\/span>\n\t\t\t\t\t\t\t\t\t\t\t<\/a>\n\t\t\t\t\t\t\t\t\t<\/li>\n\t\t\t\t\t\t\t\t<li class=\"elementor-icon-list-item elementor-inline-item\">\n\t\t\t\t\t\t\t\t\t\t\t<a href=\"https:\/\/parafiawolczyn.kapucyni.pl\/?page_id=169\">\n\n\t\t\t\t\t\t\t\t\t\t\t\t<span class=\"elementor-icon-list-icon\">\n\t\t\t\t\t\t\t<i aria-hidden=\"true\" class=\"fas fa-check\"><\/i>\t\t\t\t\t\t<\/span>\n\t\t\t\t\t\t\t\t\t\t<span class=\"elementor-icon-list-text\">Nabo\u017ce\u0144stwa<\/span>\n\t\t\t\t\t\t\t\t\t\t\t<\/a>\n\t\t\t\t\t\t\t\t\t<\/li>\n\t\t\t\t\t\t\t\t<li class=\"elementor-icon-list-item elementor-inline-item\">\n\t\t\t\t\t\t\t\t\t\t\t<a href=\"https:\/\/parafiawolczyn.kapucyni.pl\/?p=4205\">\n\n\t\t\t\t\t\t\t\t\t\t\t\t<span class=\"elementor-icon-list-icon\">\n\t\t\t\t\t\t\t<i aria-hidden=\"true\" class=\"fas fa-check\"><\/i>\t\t\t\t\t\t<\/span>\n\t\t\t\t\t\t\t\t\t\t<span class=\"elementor-icon-list-text\">Intencje<\/span>\n\t\t\t\t\t\t\t\t\t\t\t<\/a>\n\t\t\t\t\t\t\t\t\t<\/li>\n\t\t\t\t\t\t\t\t<li class=\"elementor-icon-list-item elementor-inline-item\">\n\t\t\t\t\t\t\t\t\t\t\t<a href=\"https:\/\/parafiawolczyn.kapucyni.pl\/?p=4296\">\n\n\t\t\t\t\t\t\t\t\t\t\t\t<span class=\"elementor-icon-list-icon\">\n\t\t\t\t\t\t\t<i aria-hidden=\"true\" class=\"fas fa-check\"><\/i>\t\t\t\t\t\t<\/span>\n\t\t\t\t\t\t\t\t\t\t<span class=\"elementor-icon-list-text\">Og\u0142oszenia<\/span>\n\t\t\t\t\t\t\t\t\t\t\t<\/a>\n\t\t\t\t\t\t\t\t\t<\/li>\n\t\t\t\t\t\t<\/ul>\n\t\t\t\t\t\t<\/div>\n\t\t\t\t<\/div>\n\t\t\t\t\t<\/div>\n\t\t<\/div>\n\t\t\t\t\t<\/div>\n\t\t<\/section>\n\t\t\t\t<\/div>\n\t\t","protected":false},"excerpt":{"rendered":"<p>Nasz adres Parafia Niepokalanego Pocz\u0119cia\u00a0NMP &#8211; Bracia Kapucyni ul. Ko\u015bcielna 246-250\u00a0Wo\u0142czyn Od 1 wrze\u015bnia jest nowy numer telefoniczny: tel. 501 036 316e-mail:\u00a0wolczynparafia@kapucyni.pl\u00a0www.wolczynparafia.kapucyni.pl\u00a0 NIP\u00a0751 152 06 55 Organista\u00a0Pawe\u0142 Krzemi\u0144ski, tel. 721 897 511 * * * Kancelaria parafialna Poniedzia\u0142ek:&nbsp;16:00 &#8211; 17:00 Wtorek:&nbsp;16:00 &#8211; 17:00 Czwartek: 10:00 &#8211; 11:00 Sobota:&nbsp;8:30 &#8211; 9:30 * * * W niedziele i \u015bwi\u0119ta kancelaria jest nieczynna. W pilnych sprawach nale\u017cy zg\u0142osi\u0107 si\u0119 o ka\u017cdej porze (np. wezwanie do chorego, pogrzeb). W wyj\u0105tkowych sytuacjach mog\u0105 nast\u0105pi\u0107 zmiany brata przyjmuj\u0105cego w kancelarii parafialnej. Konto Parafii\u00a0 Ko\u015bcielna 2, 46-250\u00a0Wo\u0142czyn BS Wo\u0142czyn 70 8876 0009 0018 6267 2000 0001 Tytu\u0142 przelewu: &#8222;darowizna na cele kultu religijnego&#8221;. Konto remontowe ul. Ko\u015bcielna 2, 46-250 Wo\u0142czyn BNP Paribas\u00a0 25 1600 1462 1738 4647 4000 0001 Tytu\u0142 przelewu: &#8222;darowizna na cele kultu religijnego&#8221;. Grupy i wspolnoty Nabo\u017ce\u0144stwa Intencje Og\u0142oszenia<\/p>\n","protected":false},"author":2,"featured_media":0,"parent":0,"menu_order":0,"comment_status":"closed","ping_status":"closed","template":"elementor_canvas","meta":{"footnotes":""},"class_list":["post-3333","page","type-page","status-publish","hentry"],"jetpack_sharing_enabled":true,"_links":{"self":[{"href":"https:\/\/parafiawolczyn.kapucyni.pl\/index.php?rest_route=\/wp\/v2\/pages\/3333","targetHints":{"allow":["GET"]}}],"collection":[{"href":"https:\/\/parafiawolczyn.kapucyni.pl\/index.php?rest_route=\/wp\/v2\/pages"}],"about":[{"href":"https:\/\/parafiawolczyn.kapucyni.pl\/index.php?rest_route=\/wp\/v2\/types\/page"}],"author":[{"embeddable":true,"href":"https:\/\/parafiawolczyn.kapucyni.pl\/index.php?rest_route=\/wp\/v2\/users\/2"}],"replies":[{"embeddable":true,"href":"https:\/\/parafiawolczyn.kapucyni.pl\/index.php?rest_route=%2Fwp%2Fv2%2Fcomments&post=3333"}],"version-history":[{"count":114,"href":"https:\/\/parafiawolczyn.kapucyni.pl\/index.php?rest_route=\/wp\/v2\/pages\/3333\/revisions"}],"predecessor-version":[{"id":7810,"href":"https:\/\/parafiawolczyn.kapucyni.pl\/index.php?rest_route=\/wp\/v2\/pages\/3333\/revisions\/7810"}],"wp:attachment":[{"href":"https:\/\/parafiawolczyn.kapucyni.pl\/index.php?rest_route=%2Fwp%2Fv2%2Fmedia&parent=3333"}],"curies":[{"name":"wp","href":"https:\/\/api.w.org\/{rel}","templated":true}]}}